{"id":64,"date":"2024-10-28T15:13:48","date_gmt":"2024-10-28T14:13:48","guid":{"rendered":"https:\/\/baji.a.vaia.cloud\/?page_id=64"},"modified":"2026-03-11T09:14:12","modified_gmt":"2026-03-11T08:14:12","slug":"recruitment","status":"publish","type":"page","link":"https:\/\/www.proteknorr.se\/en\/rekrytering\/","title":{"rendered":"Recruitment"},"content":{"rendered":"<h2>V\u00e5rt fokus \u00e4r kund, medarbetare och s\u00e4kerhet<\/h2>\n<p>Vi str\u00e4var efter att alltid leverera kundnytta, ha en st\u00e4ndig dialog med kund och vara en professionell, sj\u00e4lvklar partner. Med modern utrustning och engagerade, medvetna medarbetare med r\u00e4tt kompetens ska vi vara branschledande och driva branschen fram\u00e5t.<\/p>\n<p>Key success factors for us are committed employees who are involved, have a willingness to learn and a desire to take responsibility. We want to promote good health among our staff and create good conditions for work-life balance.<\/p>\n<p>Som medarbetare m\u00f6ter man kunder och arbetskamrater med olika bakgrund, i olika sammanhang och oavsett vad man jobbar med \u00e4r alla delaktiga i att Protek Norr upplevs som professionell, engagerad och innovativ.<\/p>\n<h3>V\u00e5r arbetsplats<\/h3>\n<p>Vi erbjuder en arbetsplats med fokus p\u00e5 v\u00e5ra medarbetares h\u00e4lsa, s\u00e4kerhet och arbetsmilj\u00f6.<\/p>\n<p>Hos oss f\u00e5r du m\u00f6jligheten att utvecklas och \u00f6ka din kompetens och vi tror p\u00e5 frihet under ansvar. D\u00e4rf\u00f6r vi har ett \u00f6ppet f\u00f6rh\u00e5llningss\u00e4tt till nya m\u00f6jligheter, metoder och tekniker. Vi vill genom en tydlig och god kommunikation skapa ett f\u00f6rtroende f\u00f6r varandra, d\u00e4r alla ska v\u00e5ga ta plats och g\u00f6ra sig h\u00f6rda.<\/p>\n<p>Det \u00e4r viktigt f\u00f6r oss att alla medarbetare behandlas lika, det vill s\u00e4ga att de har likv\u00e4rdiga m\u00f6jligheter, r\u00e4ttigheter och skyldigheter. Vi tror p\u00e5 att olikheter fr\u00e4mjar nyt\u00e4nkande och str\u00e4var efter att \u00f6ka m\u00e5ngfalden p\u00e5 v\u00e5ra arbetsplatser.<\/p>\n<p>V\u00e5r arbetsplats str\u00e4var efter att vara med och bidra till samh\u00e4lle och kommun, genom olika typer av samverkan med lokala akt\u00f6rer.<\/p>","protected":false},"excerpt":{"rendered":"<p>Key success factors for us are committed employees who are involved, have a willingness to learn and a desire to take responsibility. We want to promote good health among our staff and create good conditions for work-life balance.  <\/p>","protected":false},"author":1,"featured_media":842,"parent":0,"menu_order":0,"comment_status":"closed","ping_status":"closed","template":"","meta":{"_acf_changed":false,"footnotes":""},"class_list":["post-64","page","type-page","status-publish","has-post-thumbnail","hentry"],"acf":[],"_links":{"self":[{"href":"https:\/\/www.proteknorr.se\/en\/wp-json\/wp\/v2\/pages\/64","targetHints":{"allow":["GET"]}}],"collection":[{"href":"https:\/\/www.proteknorr.se\/en\/wp-json\/wp\/v2\/pages"}],"about":[{"href":"https:\/\/www.proteknorr.se\/en\/wp-json\/wp\/v2\/types\/page"}],"author":[{"embeddable":true,"href":"https:\/\/www.proteknorr.se\/en\/wp-json\/wp\/v2\/users\/1"}],"replies":[{"embeddable":true,"href":"https:\/\/www.proteknorr.se\/en\/wp-json\/wp\/v2\/comments?post=64"}],"version-history":[{"count":45,"href":"https:\/\/www.proteknorr.se\/en\/wp-json\/wp\/v2\/pages\/64\/revisions"}],"predecessor-version":[{"id":1002,"href":"https:\/\/www.proteknorr.se\/en\/wp-json\/wp\/v2\/pages\/64\/revisions\/1002"}],"wp:featuredmedia":[{"embeddable":true,"href":"https:\/\/www.proteknorr.se\/en\/wp-json\/wp\/v2\/media\/842"}],"wp:attachment":[{"href":"https:\/\/www.proteknorr.se\/en\/wp-json\/wp\/v2\/media?parent=64"}],"curies":[{"name":"wp","href":"https:\/\/api.w.org\/{rel}","templated":true}]}}